{"id":4780,"date":"2015-09-16T04:24:25","date_gmt":"2015-09-16T02:24:25","guid":{"rendered":"https:\/\/www.katiahermann.com\/bio\/"},"modified":"2026-04-15T13:27:48","modified_gmt":"2026-04-15T11:27:48","slug":"bio","status":"publish","type":"page","link":"https:\/\/www.katiahermann.com\/de\/bio\/","title":{"rendered":"Bio"},"content":{"rendered":"<p align=\"JUSTIFY\"><img loading=\"lazy\" decoding=\"async\" class=\"alignleft\" src=\"https:\/\/www.katiahermann.com\/wp-content\/uploads\/2015\/09\/katia17-2-300x233.jpg\" alt=\"\" width=\"300\" height=\"233\" \/><span lang=\"de-DE\">Katia Hermann <\/span><span lang=\"de-DE\">ist<\/span> <span lang=\"de-DE\">deutsch-franz\u00f6sische freischaffende Kunsthistorikerin, Autorin, Kuratorin und Kulturmanagerin. Sie studierte <\/span><span lang=\"de-DE\">Kulturmanagement an der ESIAG (\u00c9cole Sup\u00e9rieure Internationale d&#8217;Art et de Gestion) von 1991-1994, danach moderne und zeitgen\u00f6ssische Kunstgeschichte an der Universit\u00e9 de Paris I Panth\u00e9on-Sorbonne, wo\u00a0sie ihr MA (DEA) 1997\u00a0absolvierte.\u00a0<\/span><span lang=\"de-DE\">Nach Praktika bei Auktionatoren und Museen (Sotheby&#8217;s London, Mus\u00e9e Dapper Paris, CNAC Centre Pompidou Paris), sammelt sie mehrj\u00e4hrige Berufspraxis\u00a0in der Produktion von Dokumentarfilmen und Ausstellungen. 2000 ist sie Leiterin der Exponate f\u00fcr den franz\u00f6sischen Pavillon auf der EXPO 2000, im Anschluss Produktionsleiterin f\u00fcr die interaktive Ausstellung <\/span><span lang=\"de-DE\">&#8222;tu parles le fran\u00e7ais&#8230;&#8220; im Mus\u00e9e d&#8217;Art Contemporain Lyon und in Br\u00fcssel. 2001 zieht\u00a0<\/span><span lang=\"de-DE\">sie nach Berlin. Dort wirkt\u00a0sie an Filmproduktionen und Festivals mit, schreibt \u00fcber Kunst und kuratiert seit 2007 Ausstellungen in Berlin\u00a0(u.a.\u00a0Kulturstiftung Schloss Britz, <\/span><span lang=\"de-DE\">savvy contemporary, Haus der Kulturen der Welt, Freies Museum, Retramp und in alternativen Ausstellungsr\u00e4umen in Berlin (siehe Menu AUSSTELLUNGEN).\u00a0<\/span><\/p>\n<p lang=\"de-DE\" align=\"JUSTIFY\">Katia Hermanns Schwerpunkt sind thematische Ausstellungen moderner und zeitgen\u00f6ssischer Kunst, vor allem aus dem Bereich Malerei und Fotografie. Im Fokus ihrer Auseinandersetzung mit Kunst und Kunst im Ausstellungskontext, genauso wie im Filmischen, steht das Aufdecken und Darstellen von narrativen Strukturen,\u00a0Zusammenh\u00e4ngen und\u00a0Interaktionen. Neben Auftr\u00e4gen, f\u00f6rdert sie zeitgen\u00f6ssische K\u00fcnstlerInnen mit selbst initiierten Projekten. Sie arbeitet zudem als Autorin,\u00a0\u00dcbersetzerin (deutsch, franz\u00f6sisch und englisch) und f\u00fcr Dokumentarfilmproduktionen.<\/p>\n<p lang=\"de-DE\" align=\"JUSTIFY\">Seit vielen Jahren\u00a0widmet sie den\u00a0Urban Art(s) besondere Aufmerksamkeit mit\u00a0Recherchen (Stipendium Berliner Senat 2017; Neustart VG Wort 2022 ), Texten (Blogs, Magazine und Kataloge), sowie Vermittlung durch\u00a0F\u00fchrungen und kollektiven Ausstellungskonzepten (URBAN ART WEEK, SORRY!\/BERLIN: Writing Graffiti, UAWend). Zus\u00e4tzlich\u00a0engagiert sie sich ehrenamtlich\u00a0in Arbeitskreisen und Vereinen mit dem Wunsch diese Bewegung und dessen Kunstformen zu unterst\u00fctzen.<\/p>\n<h4>AUSBILDUNG<\/h4>\n<p>M.A., 2. Staatsdiplom Kunstgeschichte (D.E.A.), Universit\u00e9 de Paris I \u2013 Panth\u00e9on-Sorbonne,1997 Spezialisierung moderne und zeitgen\u00f6ssische Kunst. Prof. Eric Darragon. Bewertung sehr gut. Thema der These: \u201eDie Integration des fotografischen Bildes in der deutschen Malerei seit 1960\u201c.<\/p>\n<p>Magister Kunstgeschichte (Ma\u00eetrise), Universit\u00e9 de Paris I \u2013 Panth\u00e9on-Sorbonne,1994-1996. Schwerpunkt 20.Jahrhundert (Surrealismus bei Prof. Jos\u00e9 Vovelle). Bewertung gut. Thema der Diplomarbeit : \u201eG\u00fcnter Zink und die afrikanische Kunst\u201c; Praktikum und Bericht, CNAC Centre Pompidou Paris.<\/p>\n<p>Diplom in Kulturmanagement, \u00c9cole Sup\u00e9rieure Internationale d\u2019Art et de Gestion, Paris (ESIAG), 1994<\/p>\n<p>Deutsch-franz\u00f6sisches Abitur (wissenschaftlicher Zweig, section D), Lyc\u00e9e Franco-Allemand (LFA), Buc\/Versailles bei Paris<\/p>\n","protected":false},"excerpt":{"rendered":"<p>Katia Hermann ist deutsch-franz\u00f6sische freischaffende Kunsthistorikerin, Autorin, Kuratorin und Kulturmanagerin. Sie studierte Kulturmanagement an der ESIAG (\u00c9cole Sup\u00e9rieure Internationale d&#8217;Art et de Gestion) von 1991-1994, danach moderne und zeitgen\u00f6ssische Kunstgeschichte an der Universit\u00e9 de Paris I Panth\u00e9on-Sorbonne, wo\u00a0sie ihr MA (DEA) 1997\u00a0absolvierte.\u00a0Nach Praktika bei Auktionatoren und Museen (Sotheby&#8217;s London, Mus\u00e9e Dapper Paris, CNAC Centre Pompidou [&hellip;]<\/p>\n","protected":false},"author":2,"featured_media":0,"parent":0,"menu_order":0,"comment_status":"closed","ping_status":"closed","template":"","meta":{"footnotes":""},"class_list":["post-4780","page","type-page","status-publish","hentry"],"_links":{"self":[{"href":"https:\/\/www.katiahermann.com\/de\/wp-json\/wp\/v2\/pages\/4780","targetHints":{"allow":["GET"]}}],"collection":[{"href":"https:\/\/www.katiahermann.com\/de\/wp-json\/wp\/v2\/pages"}],"about":[{"href":"https:\/\/www.katiahermann.com\/de\/wp-json\/wp\/v2\/types\/page"}],"author":[{"embeddable":true,"href":"https:\/\/www.katiahermann.com\/de\/wp-json\/wp\/v2\/users\/2"}],"replies":[{"embeddable":true,"href":"https:\/\/www.katiahermann.com\/de\/wp-json\/wp\/v2\/comments?post=4780"}],"version-history":[{"count":2,"href":"https:\/\/www.katiahermann.com\/de\/wp-json\/wp\/v2\/pages\/4780\/revisions"}],"predecessor-version":[{"id":6235,"href":"https:\/\/www.katiahermann.com\/de\/wp-json\/wp\/v2\/pages\/4780\/revisions\/6235"}],"wp:attachment":[{"href":"https:\/\/www.katiahermann.com\/de\/wp-json\/wp\/v2\/media?parent=4780"}],"curies":[{"name":"wp","href":"https:\/\/api.w.org\/{rel}","templated":true}]}}